{"id":50,"date":"2013-07-09T11:33:51","date_gmt":"2013-07-09T16:33:51","guid":{"rendered":"http:\/\/blog.epn.edu.ec\/?page_id=50"},"modified":"2013-09-14T22:52:58","modified_gmt":"2013-09-15T03:52:58","slug":"politicas-de-uso-del-blog-de-la-escuela-politecnica-nacional","status":"publish","type":"page","link":"http:\/\/blog.epn.edu.ec\/?page_id=50","title":{"rendered":"Pol\u00edticas de Uso del Blog"},"content":{"rendered":"<div class=\"clsPoliticasBG\" id=\"idPoliticasBG\">\n<div class=\"clsContenido\">\n<p style=\"text-align: justify;\">La Escuela Polit\u00e9cnica Nacional, como entidad de educaci\u00f3n superior p\u00fablica, busca generar espacios de comunicaci\u00f3n que permitan desarrollar la ense\u00f1anza \u2013 aprendizaje y difundir el conocimiento, de una forma interactiva acorde con las demandas actuales.<\/p>\n<p style=\"text-align: justify;\">Mediante las Tecnolog\u00edas de la Comunicaci\u00f3n e Informaci\u00f3n (TIC`s), haciendo uso de libertad de expresi\u00f3n y de pol\u00edticas \u00e9ticas de uso de las TIC`s, la EPN ampl\u00eda sus herramientas educativas.<\/p>\n<p style=\"text-align: justify;\">El \u201cblog docentes EPN\u201d es una herramienta para los profesores de la Escuela Polit\u00e9cnica Nacional, mediante la cual pueden mantener una interrelaci\u00f3n digital con sus estudiantes y publicar documentos de aprendizaje como: art\u00edculos, videos, entre otros, a m\u00e1s de dar a conocer tareas, proyectos a desarrollarse y generar una comunicaci\u00f3n participativa entre docente y estudiantes mediante su espacio de \u201ccomentarios\u201d.<\/p>\n<p style=\"text-align: justify;\">Las pol\u00edticas de uso y privacidad del \u201cBlog Docente EPN\u201d son las siguientes:<\/p>\n<ol style=\"text-align: justify;\">\n<li>Los temas a publicarse son educativos.<\/li>\n<li>El contenido que aparecer\u00e1 en el blog docentes EPN ser\u00e1 propio (del administrador del blog) y de terceros (p\u00fablico del blog-estudiantes), y podr\u00e1 ser visto por cualquier persona que ingrese a la p\u00e1gina, por tanto, la informaci\u00f3n debe ser cuidadosamente revisada antes de su publicaci\u00f3n. Los estudiantes y p\u00fablico en general, por su parte, podr\u00e1n dejar comentarios, los cuales ser\u00e1n visibles una vez que el administrador del blog (el docente) apruebe la publicaci\u00f3n del mismo; para lo cual deber\u00e1 aprobar la notificaci\u00f3n que le llegar\u00e1 a su correo electr\u00f3nico sobre el mensaje que el estudiante desea publicar.<\/li>\n<li>El administrador del blog (el docente) no se hace responsable por las interpretaciones que usuarios externos a la EPN den a los contenidos expuestos en el blog.<\/li>\n<li>La reproducci\u00f3n total o parcial del contenido expuesto en el blog docentes EPN queda prohibida, a excepci\u00f3n de las publicaciones que los docentes lo permitan. Si se realiza una copia total o parcial del contenido del blog docentes EPN se debe citar el t\u00edtulo del art\u00edculo, el autor y la fecha de publicaci\u00f3n.<\/li>\n<li><span>En el blog docentes EPN los usuarios (el docente y los estudiantes) no podr\u00e1n realizar publicaciones que:<br \/> <\/span><span>&#8211; Violen derechos de autor.<br \/> <\/span><span>&#8211; Inviten a actuar en actividades peligrosas o ilegales.<\/span><\/li>\n<li>Ser\u00e1n no publicados o borrados todos los comentarios que incumplan con el numeral anterior o que contengan palabras ofensivas, menciones discriminatorias o que ataquen a la Instituci\u00f3n o a una persona en particular.<\/li>\n<li>La participaci\u00f3n en el blog es gratuita.<\/li>\n<li>La Escuela Polit\u00e9cnica Nacional usar\u00e1 la informaci\u00f3n suministrada en el blog \u00fanicamente para fines acad\u00e9micos. En ning\u00fan caso se suministrar\u00e1 la informaci\u00f3n para que sea utilizada con fines comerciales, por personas u organizaciones ajenas a la Instituci\u00f3n. Si usted no est\u00e1 de acuerdo con esta pol\u00edtica o con cualquiera de las condiciones de uso del blog, por favor abst\u00e9ngase de utIlizarlo.<\/li>\n<\/ol>\n<\/div>\n<\/div>\n","protected":false},"excerpt":{"rendered":"<p>La Escuela Polit\u00e9cnica Nacional, como entidad de educaci\u00f3n superior p\u00fablica, busca generar espacios de comunicaci\u00f3n que permitan desarrollar la ense\u00f1anza \u2013 aprendizaje y difundir el conocimiento, de una forma interactiva acorde con las demandas actuales. Mediante las Tecnolog\u00edas de la Comunicaci\u00f3n e Informaci\u00f3n (TIC`s), haciendo uso de libertad de expresi\u00f3n y de pol\u00edticas \u00e9ticas de [&hellip;]<\/p>\n","protected":false},"author":1,"featured_media":0,"parent":0,"menu_order":0,"comment_status":"closed","ping_status":"closed","template":"page-templates\/front-page.php","meta":[],"_links":{"self":[{"href":"http:\/\/blog.epn.edu.ec\/index.php?rest_route=\/wp\/v2\/pages\/50"}],"collection":[{"href":"http:\/\/blog.epn.edu.ec\/index.php?rest_route=\/wp\/v2\/pages"}],"about":[{"href":"http:\/\/blog.epn.edu.ec\/index.php?rest_route=\/wp\/v2\/types\/page"}],"author":[{"embeddable":true,"href":"http:\/\/blog.epn.edu.ec\/index.php?rest_route=\/wp\/v2\/users\/1"}],"replies":[{"embeddable":true,"href":"http:\/\/blog.epn.edu.ec\/index.php?rest_route=%2Fwp%2Fv2%2Fcomments&post=50"}],"version-history":[{"count":68,"href":"http:\/\/blog.epn.edu.ec\/index.php?rest_route=\/wp\/v2\/pages\/50\/revisions"}],"predecessor-version":[{"id":127,"href":"http:\/\/blog.epn.edu.ec\/index.php?rest_route=\/wp\/v2\/pages\/50\/revisions\/127"}],"wp:attachment":[{"href":"http:\/\/blog.epn.edu.ec\/index.php?rest_route=%2Fwp%2Fv2%2Fmedia&parent=50"}],"curies":[{"name":"wp","href":"https:\/\/api.w.org\/{rel}","templated":true}]}}